{"id":8426,"date":"2021-11-05T08:28:02","date_gmt":"2021-11-05T01:28:02","guid":{"rendered":"http:\/\/g18jsc.com.vn\/vn\/?page_id=8426"},"modified":"2024-05-21T11:12:17","modified_gmt":"2024-05-21T04:12:17","slug":"10-net-van-hoa-taiyo-group","status":"publish","type":"page","link":"https:\/\/g18jsc.com.vn\/vn\/10-net-van-hoa-taiyo-group\/","title":{"rendered":"10 N\u00e9t v\u0103n h\u00f3a"},"content":{"rendered":"\t\t<div data-elementor-type=\"wp-page\" data-elementor-id=\"8426\" class=\"elementor elementor-8426\" data-elementor-settings=\"{&quot;element_pack_global_tooltip_width&quot;:{&quot;unit&quot;:&quot;px&quot;,&quot;size&quot;:&quot;&quot;,&quot;sizes&quot;:[]},&quot;element_pack_global_tooltip_width_tablet&quot;:{&quot;unit&quot;:&quot;px&quot;,&quot;size&quot;:&quot;&quot;,&quot;sizes&quot;:[]},&quot;element_pack_global_tooltip_width_mobile&quot;:{&quot;unit&quot;:&quot;px&quot;,&quot;size&quot;:&quot;&quot;,&quot;sizes&quot;:[]},&quot;element_pack_global_tooltip_padding&quot;:{&quot;unit&quot;:&quot;px&quot;,&quot;top&quot;:&quot;&quot;,&quot;right&quot;:&quot;&quot;,&quot;bottom&quot;:&quot;&quot;,&quot;left&quot;:&quot;&quot;,&quot;isLinked&quot;:true},&quot;element_pack_global_tooltip_padding_tablet&quot;:{&quot;unit&quot;:&quot;px&quot;,&quot;top&quot;:&quot;&quot;,&quot;right&quot;:&quot;&quot;,&quot;bottom&quot;:&quot;&quot;,&quot;left&quot;:&quot;&quot;,&quot;isLinked&quot;:true},&quot;element_pack_global_tooltip_padding_mobile&quot;:{&quot;unit&quot;:&quot;px&quot;,&quot;top&quot;:&quot;&quot;,&quot;right&quot;:&quot;&quot;,&quot;bottom&quot;:&quot;&quot;,&quot;left&quot;:&quot;&quot;,&quot;isLinked&quot;:true},&quot;element_pack_global_tooltip_border_radius&quot;:{&quot;unit&quot;:&quot;px&quot;,&quot;top&quot;:&quot;&quot;,&quot;right&quot;:&quot;&quot;,&quot;bottom&quot;:&quot;&quot;,&quot;left&quot;:&quot;&quot;,&quot;isLinked&quot;:true},&quot;element_pack_global_tooltip_border_radius_tablet&quot;:{&quot;unit&quot;:&quot;px&quot;,&quot;top&quot;:&quot;&quot;,&quot;right&quot;:&quot;&quot;,&quot;bottom&quot;:&quot;&quot;,&quot;left&quot;:&quot;&quot;,&quot;isLinked&quot;:true},&quot;element_pack_global_tooltip_border_radius_mobile&quot;:{&quot;unit&quot;:&quot;px&quot;,&quot;top&quot;:&quot;&quot;,&quot;right&quot;:&quot;&quot;,&quot;bottom&quot;:&quot;&quot;,&quot;left&quot;:&quot;&quot;,&quot;isLinked&quot;:true}}\" data-elementor-post-type=\"page\">\n\t\t\t\t\t\t<section class=\"elementor-section elementor-top-section elementor-element elementor-element-63f5c12b elementor-section-boxed elementor-section-height-default elementor-section-height-default\" data-id=\"63f5c12b\" data-element_type=\"section\">\n\t\t\t\t\t\t<div class=\"elementor-container elementor-column-gap-default\">\n\t\t\t\t\t<div class=\"elementor-column elementor-col-100 elementor-top-column elementor-element elementor-element-57be881f\" data-id=\"57be881f\" data-element_type=\"column\">\n\t\t\t<div class=\"elementor-widget-wrap elementor-element-populated\">\n\t\t\t\t\t\t<div class=\"elementor-element elementor-element-17f34662 elementor-widget elementor-widget-text-editor\" data-id=\"17f34662\" data-element_type=\"widget\" data-widget_type=\"text-editor.default\">\n\t\t\t\t<div class=\"elementor-widget-container\">\n\t\t\t\t\t\t\t<p><strong>1. L\u00e0m ch\u1ee7\/ Ownership <\/strong>: Ch\u00fang t\u00f4i ch\u1ecbu tr\u00e1ch nhi\u1ec7m cho m\u1ecdi h\u00e0nh \u0111\u1ed9ng c\u0169ng nh\u01b0 nh\u1eefng k\u1ebft qu\u1ea3 do m\u00ecnh t\u1ea1o ra v\u00e0 bi\u1ebft r\u1eb1ng \u0111\u1ec3 thay \u0111\u1ed5i m\u1ecdi vi\u1ec7c th\u00ec b\u1ea3n th\u00e2n m\u00ecnh ph\u1ea3i thay \u0111\u1ed5i tr\u01b0\u1edbc ti\u00ean. Ch\u00fang t\u00f4i \u0111\u1ea3m b\u1ea3o k\u1ef7 lu\u1eadt trong c\u00f4ng vi\u1ec7c, coi v\u0103n h\u00f3a k\u1ef7 lu\u1eadt l\u00e0 y\u1ebfu t\u1ed1 quan tr\u1ecdng \u0111\u1ec3 \u0111\u1ea1t k\u1ebft qu\u1ea3, ph\u00e1t tri\u1ec3n v\u00e0 th\u00e0nh c\u00f4ng d\u00e0i h\u1ea1n.<\/p><p><strong>2. Kh\u00e1ch h\u00e0ng l\u00e0 tr\u1ecdng t\u00e2m\/ Customers Centric <\/strong>: S\u1ef1 h\u00e0i l\u00f2ng c\u1ee7a kh\u00e1ch h\u00e0ng l\u00e0 th\u01b0\u1edbc \u0111o quan tr\u1ecdng cho s\u1ef1 th\u00e0nh c\u00f4ng c\u1ee7a T\u1eadp \u0111o\u00e0n, c\u00e1c \u0111\u01a1n v\u1ecb th\u00e0nh vi\u00ean v\u00e0 m\u1ed7i c\u00e1 nh\u00e2n. M\u1ed7i ch\u00fang t\u00f4i \u0111\u1ec1u l\u00e0 \u0111\u1ea1i s\u1ee9 th\u01b0\u01a1ng hi\u1ec7u c\u1ee7a \u0111\u01a1n v\u1ecb n\u01a1i m\u00ecnh c\u00f4ng t\u00e1c. Ch\u00fang t\u00f4i n\u1ed7 l\u1ef1c ph\u00e1t tri\u1ec3n to\u00e0n di\u1ec7n \u0111\u1ec3 th\u1ea5u hi\u1ec3u t\u1eebng nhu c\u1ea7u c\u1ee7a kh\u00e1ch h\u00e0ng v\u00e0 t\u00ecm ki\u1ebfm gi\u1ea3i ph\u00e1p mang \u0111\u1ebfn tr\u1ea3i nghi\u1ec7m t\u1ed1t nh\u1ea5t cho m\u1ed7i kh\u00e1ch h\u00e0ng m\u00e0 ch\u00fang t\u00f4i c\u00f3 c\u01a1 h\u1ed9i h\u1ee3p t\u00e1c v\u1edbi m\u1ed9t th\u00e1i \u0111\u1ed9 t\u00edch c\u1ef1c nh\u1ea5t.<\/p><p><strong>3. Ch\u00ednh tr\u1ef1c \/Intergrity <\/strong>: Ch\u00fang t\u00f4i cam k\u1ebft lu\u00f4n n\u00f3i s\u1ef1 th\u1eadt, lu\u00f4n th\u1ef1c hi\u1ec7n nh\u1eefng \u0111i\u1ec1u m\u00ecnh \u0111\u00e3 h\u1ee9a. Ch\u00fang t\u00f4i ch\u1ec9 cam k\u1ebft v\u1edbi b\u1ea3n th\u00e2n v\u00e0 ng\u01b0\u1eddi kh\u00e1c nh\u1eefng \u0111i\u1ec1u m\u00e0 ch\u00fang t\u00f4i \u0111\u00e3 s\u1eb5n s\u00e0ng v\u00e0 c\u00f3 \u00fd \u0111\u1ecbnh th\u1ef1c hi\u1ec7n. Ch\u00fang t\u00f4i th\u00f4ng b\u00e1o ngay khi bi\u1ebft c\u00f3 nh\u1eefng cam k\u1ebft c\u00f3 th\u1ec3 kh\u00f4ng th\u1ef1c hi\u1ec7n \u0111\u01b0\u1ee3c v\u00e0 c\u00f3 gi\u1ea3i ph\u00e1p \u0111\u1ec3 x\u1eed l\u00fd v\u1ea5n \u0111\u1ec1 ngay l\u1eadp t\u1ee9c.<\/p><p><br \/><strong>4. H\u1ecdc t\u1eadp su\u1ed1t \u0111\u1eddi \/Longlife Learning:<\/strong> Ch\u00fang t\u00f4i hi\u1ec3u m\u00ecnh kh\u00f4ng th\u1ec3 cho \u0111i nh\u1eefng g\u00ec m\u00ecnh kh\u00f4ng c\u00f3 v\u00e0 c\u00e1ch t\u1ed1t nh\u1ea5t \u0111\u1ec3 c\u00f3 v\u00e0 trao \u0111i gi\u00e1 tr\u1ecb l\u00e0 kh\u00f4ng ng\u1eebng h\u1ecdc h\u1ecfi n\u00e2ng cao tr\u00ecnh \u0111\u1ed9 chuy\u00ean m\u00f4n nghi\u1ec7p v\u1ee5 v\u00e0 c\u00e1c k\u1ef9 n\u0103ng ph\u00e1t tri\u1ec3n b\u1ea3n th\u00e2n.<\/p><p><strong>5. \u0110\u1ed9i ng\u0169\/ Team:<\/strong> Ch\u00fang t\u00f4i t\u1eadp trung v\u00e0o vi\u1ec7c h\u1ee3p t\u00e1c tr\u00ean nguy\u00ean t\u1eafc ph\u00e1t huy th\u1ebf m\u1ea1nh c\u1ee7a m\u1ed7i ng\u01b0\u1eddi v\u00e0 lu\u00f4n ngh\u0129 v\u1ec1 c\u00e1c gi\u1ea3i ph\u00e1p \u0111\u1ec3 \u0111\u1ea1t m\u1ee5c ti\u00eau chung thay v\u00ec t\u00ecm nguy\u00ean nh\u00e2n \u0111\u1ec3 \u0111\u1ed5 l\u1ed7i, quy tr\u00e1ch nhi\u1ec7m. Ch\u00fang t\u00f4i linh ho\u1ea1t trong c\u00e1ch x\u1eed l\u00fd c\u00f4ng vi\u1ec7c v\u00e0 c\u00f3 th\u1ec3 thay \u0111\u1ed5i n\u1ebfu nh\u1eefng \u0111i\u1ec1u ch\u00fang t\u00f4i \u0111ang l\u00e0m ch\u01b0a hi\u1ec7u qu\u1ea3.<\/p><p><br \/><strong>6. Giao ti\u1ebfp\/ Communication:<\/strong> Ch\u00fang t\u00f4i giao ti\u1ebfp m\u1ed9t c\u00e1ch t\u00edch c\u1ef1c, ch\u00e2n th\u00e0nh v\u00e0 c\u1edfi m\u1edf v\u1edbi nh\u1eefng th\u00e0nh vi\u00ean trong \u0111\u1ed9i c\u1ee7a m\u00ecnh v\u00e0 v\u1edbi kh\u00e1ch h\u00e0ng c\u1ea3 khi \u0111\u00f4ng ng\u01b0\u1eddi l\u1eabn khi trao \u0111\u1ed5i ri\u00eang v\u1edbi m\u1ee5c \u0111\u00edch t\u1ed1t \u0111\u1eb9p v\u00e0 t\u00f4n tr\u1ecdng s\u1ef1 kh\u00e1c bi\u1ec7t c\u1ee7a nhau. Ch\u00fang t\u00f4i th\u1eeba nh\u1eadn nh\u1eefng \u0111i\u1ec1u m\u00ecnh n\u00f3i l\u00e0 s\u1ef1 th\u1eadt x\u00e9t t\u1ea1i th\u1eddi \u0111i\u1ec3m ph\u00e1t ng\u00f4n v\u00e0 ch\u1ecbu tr\u00e1ch nhi\u1ec7m tr\u01b0\u1edbc nh\u1eefng ph\u1ea3n h\u1ed3i t\u1eeb ng\u01b0\u1eddi kh\u00e1c. Ch\u00fang t\u00f4i lu\u00f4n xin l\u1ed7i v\u1ec1 b\u1ea5t k\u1ef3 sai s\u00f3t n\u00e0o tr\u01b0\u1edbc v\u00e0 sau \u0111\u00f3 t\u00ecm c\u00e1ch gi\u1ea3i quy\u1ebft. Ch\u00fang t\u00f4i ch\u1ec9 th\u1ea3o lu\u1eadn ri\u00eang c\u00e1c v\u1ea5n \u0111\u1ec1 c\u00e1 nh\u00e2n v\u1edbi b\u1ea3n th\u00e2n ng\u01b0\u1eddi c\u00f3 li\u00ean quan.<\/p><p><br \/><strong>7. \u0110\u1ed5i m\u1edbi\/ Innovation:<\/strong> Ch\u00fang t\u00f4i lu\u00f4n t\u00ecm ki\u1ebfm \u00fd t\u01b0\u1edfng v\u00e0 c\u1ea3i ti\u1ebfn nh\u1eefng ph\u01b0\u01a1ng c\u00e1ch \u0111\u1ed9t ph\u00e1, s\u00e1ng t\u1ea1o \u0111\u1ec3 kh\u00f4ng ng\u1eebng \u0111\u01b0a ra nh\u1eefng s\u1ea3n ph\u1ea9m, d\u1ecbch v\u1ee5 t\u1ed1t nh\u1ea5t, c\u1ea1nh tranh nh\u1ea5t tr\u00ean con \u0111\u01b0\u1eddng chinh ph\u1ee5c tr\u00e1i tim kh\u00e1ch h\u00e0ng. \u0110\u00e2y l\u00e0 m\u1ed9t trong nh\u1eefng y\u1ebfu t\u1ed1 chi\u1ebfn l\u01b0\u1ee3c then ch\u1ed1t gi\u00fap t\u1eadp \u0111o\u00e0n v\u00e0 c\u00e1c \u0111\u01a1n v\u1ecb th\u00e0nh vi\u00ean kh\u00f4ng ng\u1eebng ph\u00e1t tri\u1ec3n m\u1ed9t c\u00e1ch b\u1ec1n v\u1eefng.<\/p><p><strong>8. S\u1ef1 c\u00f4ng nh\u1eadn\/ Recognition:<\/strong> T\u1ea5t c\u1ea3 m\u1ecdi ng\u01b0\u1eddi \u0111\u1ec1u th\u00edch \u0111\u01b0\u1ee3c c\u00f4ng nh\u1eadn v\u00ec nh\u1eefng g\u00ec h\u1ecd \u0111\u00e3 l\u00e0m t\u1ed1t v\u00e0 \u0111\u00e3 c\u1ed1ng hi\u1ebfn cho t\u1ed5 ch\u1ee9c, \u0111\u1ed3ng th\u1eddi ch\u00fang t\u00f4i x\u00e1c \u0111\u1ecbnh r\u1eb1ng s\u1ef1 ghi nh\u1eadn l\u00e0 \u0111\u1ed9ng l\u1ef1c th\u00fac \u0111\u1ea9y s\u1ef1 g\u1eafn b\u00f3 c\u1ee7a m\u1ed7i c\u00e1n b\u1ed9 c\u00f4ng nh\u00e2n vi\u00ean v\u1edbi t\u1eadp \u0111o\u00e0n v\u00e0 c\u00e1c \u0111\u01a1n v\u1ecb th\u00e0nh vi\u00ean. S\u1ef1 ghi nh\u1eadn c\u0169ng t\u1ea1o ra m\u00f4i tr\u01b0\u1eddng l\u00e0m vi\u1ec7c ch\u00e2n th\u00e0nh, c\u1edfi m\u1edf v\u00e0 h\u1ea1nh ph\u00fac.<\/p><p><strong>9. C\u1ed9ng \u0111\u1ed3ng h\u1ea1nh ph\u00fac\/ Happy Community:<\/strong> Ch\u00fang t\u00f4i l\u00e0 nh\u1eefng ng\u01b0\u1eddi h\u1ea1nh ph\u00fac trong m\u1ed9t t\u1eadp th\u1ec3 h\u1ea1nh ph\u00fac. Ch\u00fang t\u00f4i lu\u00f4n mang \u0111\u1ebfn s\u1ef1 t\u00edch c\u1ef1c, ni\u1ec1m vui cho m\u00ecnh v\u00e0 cho t\u1ea5t c\u1ea3 m\u1ecdi ng\u01b0\u1eddi. Ch\u00fang t\u00f4i lu\u00f4n t\u00f4n tr\u1ecdng con ng\u01b0\u1eddi v\u00e0 kh\u00f4ng ng\u1eebng \u0111\u00f3ng g\u00f3p cho x\u00e3 h\u1ed9i nh\u1eb1m h\u01b0\u1edbng \u0111\u1ebfn vi\u1ec7c x\u00e2y d\u1ef1ng m\u1ed9t T\u1eadp \u0111o\u00e0n c\u00f9ng ph\u00e1t tri\u1ec3n h\u00e0i h\u00f2a v\u1edbi c\u1ed9ng \u0111\u1ed3ng, \u0111\u00f3ng g\u00f3p t\u00edch c\u1ef1c cho s\u1ef1 ph\u00e1t tri\u1ec3n c\u1ee7a \u0111\u1ea5t n\u01b0\u1edbc.<\/p><p><br \/><strong>10. Nh\u1ea5t qu\u00e1n\/Consistency:<\/strong> Ch\u00fang t\u00f4i ph\u00e1t tri\u1ec3n d\u1ef1a tr\u00ean ph\u01b0\u01a1ng ch\u00e2m\u201cN\u00f3i v\u1eeba ph\u1ea3i, l\u00e0m quy\u1ebft li\u1ec7t, hi\u1ec7u qu\u1ea3 r\u00f5 r\u00e0ng\u201d. Ch\u00fang t\u00f4i t\u1eadp trung cao \u0111\u1ed9 v\u00e0o nh\u1eefng m\u1ee5c ti\u00eau ng\u1eafn h\u1ea1n v\u00e0 \u0111\u1ea3m b\u1ea3o s\u1ef1 nh\u1ea5t qu\u00e1n v\u1edbi chi\u1ebfn l\u01b0\u1ee3c v\u00e0 t\u1ea7m nh\u00ecn d\u00e0i h\u1ea1n c\u1ee7a T\u1eadp \u0111o\u00e0n. Ch\u00fang t\u00f4i nh\u1ea5t qu\u00e1n trong h\u00e0nh \u0111\u1ed9ng \u0111\u1ec3 t\u1ea1o ra ni\u1ec1m tin v\u1edbi kh\u00e1ch h\u00e0ng, \u0111\u1ed9i nh\u00f3m v\u00e0 \u0111\u1ed1i t\u00e1c. Ch\u00fang t\u00f4i hi\u1ec3u r\u1eb1ng ph\u1ea3i lu\u00f4n n\u00e2ng c\u1ea5p gi\u00e1 tr\u1ecb c\u1ee7a b\u1ea3n th\u00e2n v\u00e0 gia t\u0103ng gi\u00e1 tr\u1ecb cho nh\u1eefng ng\u01b0\u1eddi kh\u00e1c. M\u1ee9c \u0111\u1ed9 gi\u00e0u c\u00f3 c\u1ee7a ch\u00fang t\u00f4i s\u1ebd t\u01b0\u01a1ng \u1ee9ng v\u1edbi nh\u1eefng gi\u00e1 tr\u1ecb ch\u00fang t\u00f4i mang \u0111\u1ebfn cho nh\u1eefng ng\u01b0\u1eddi xung quanh v\u00e0 t\u1eadp \u0111o\u00e0n. <\/p>\t\t\t\t\t\t<\/div>\n\t\t\t\t<\/div>\n\t\t\t\t\t<\/div>\n\t\t<\/div>\n\t\t\t\t\t<\/div>\n\t\t<\/section>\n\t\t\t\t<section class=\"elementor-section elementor-top-section elementor-element elementor-element-69bb066 elementor-section-boxed elementor-section-height-default elementor-section-height-default\" data-id=\"69bb066\" data-element_type=\"section\">\n\t\t\t\t\t\t<div class=\"elementor-container elementor-column-gap-default\">\n\t\t\t\t\t<div class=\"elementor-column elementor-col-100 elementor-top-column elementor-element elementor-element-9b18c06\" data-id=\"9b18c06\" data-element_type=\"column\">\n\t\t\t<div class=\"elementor-widget-wrap elementor-element-populated\">\n\t\t\t\t\t\t<div class=\"elementor-element elementor-element-7c37d71 elementor-widget elementor-widget-video\" data-id=\"7c37d71\" data-element_type=\"widget\" data-settings=\"{&quot;youtube_url&quot;:&quot;https:\\\/\\\/youtu.be\\\/B_0dj2YoalM&quot;,&quot;modestbranding&quot;:&quot;yes&quot;,&quot;video_type&quot;:&quot;youtube&quot;,&quot;controls&quot;:&quot;yes&quot;}\" data-widget_type=\"video.default\">\n\t\t\t\t<div class=\"elementor-widget-container\">\n\t\t\t\t\t<div class=\"elementor-wrapper elementor-open-inline\">\n\t\t\t<div class=\"elementor-video\"><\/div>\t\t<\/div>\n\t\t\t\t<\/div>\n\t\t\t\t<\/div>\n\t\t\t\t\t<\/div>\n\t\t<\/div>\n\t\t\t\t\t<\/div>\n\t\t<\/section>\n\t\t\t\t<\/div>\n\t\t","protected":false},"excerpt":{"rendered":"<p>1. L\u00e0m ch\u1ee7\/ Ownership : Ch\u00fang t\u00f4i ch\u1ecbu tr\u00e1ch nhi\u1ec7m cho m\u1ecdi h\u00e0nh \u0111\u1ed9ng c\u0169ng nh\u01b0 nh\u1eefng k\u1ebft qu\u1ea3 do m\u00ecnh t\u1ea1o ra v\u00e0 bi\u1ebft r\u1eb1ng \u0111\u1ec3 thay \u0111\u1ed5i m\u1ecdi vi\u1ec7c th\u00ec b\u1ea3n th\u00e2n m\u00ecnh ph\u1ea3i thay \u0111\u1ed5i tr\u01b0\u1edbc ti\u00ean. Ch\u00fang t\u00f4i \u0111\u1ea3m b\u1ea3o k\u1ef7 lu\u1eadt trong c\u00f4ng vi\u1ec7c, coi v\u0103n h\u00f3a k\u1ef7 lu\u1eadt l\u00e0 [&hellip;]<\/p>\n","protected":false},"author":1,"featured_media":0,"parent":0,"menu_order":0,"comment_status":"closed","ping_status":"closed","template":"","meta":{"footnotes":""},"class_list":["post-8426","page","type-page","status-publish","hentry"],"yoast_head":"<!-- This site is optimized with the Yoast SEO Premium plugin v23.8 (Yoast SEO v23.9) - https:\/\/yoast.com\/wordpress\/plugins\/seo\/ -->\n<title>10 N\u00e9t v\u0103n h\u00f3a | Gi\u00e0n gi\u00e1o x\u00e2y d\u1ef1ng G18<\/title>\n<meta name=\"description\" content=\"1. L\u00e0m ch\u1ee7\/ Ownership : Ch\u00fang t\u00f4i ch\u1ecbu tr\u00e1ch nhi\u1ec7m cho m\u1ecdi h\u00e0nh \u0111\u1ed9ng c\u0169ng nh\u01b0 nh\u1eefng k\u1ebft qu\u1ea3 do m\u00ecnh t\u1ea1o ra v\u00e0 bi\u1ebft r\u1eb1ng \u0111\u1ec3 thay \u0111\u1ed5i m\u1ecdi vi\u1ec7c th\u00ec b\u1ea3n th\u00e2n\" \/>\n<meta name=\"robots\" content=\"index, follow, max-snippet:-1, max-image-preview:large, max-video-preview:-1\" \/>\n<link rel=\"canonical\" href=\"https:\/\/g18jsc.com.vn\/vn\/10-net-van-hoa-taiyo-group\/\" \/>\n<meta property=\"og:locale\" content=\"vi_VN\" \/>\n<meta property=\"og:type\" content=\"article\" \/>\n<meta property=\"og:title\" content=\"10 N\u00e9t v\u0103n h\u00f3a\" \/>\n<meta property=\"og:description\" content=\"1. L\u00e0m ch\u1ee7\/ Ownership : Ch\u00fang t\u00f4i ch\u1ecbu tr\u00e1ch nhi\u1ec7m cho m\u1ecdi h\u00e0nh \u0111\u1ed9ng c\u0169ng nh\u01b0 nh\u1eefng k\u1ebft qu\u1ea3 do m\u00ecnh t\u1ea1o ra v\u00e0 bi\u1ebft r\u1eb1ng \u0111\u1ec3 thay \u0111\u1ed5i m\u1ecdi vi\u1ec7c th\u00ec b\u1ea3n th\u00e2n\" \/>\n<meta property=\"og:url\" content=\"https:\/\/g18jsc.com.vn\/vn\/10-net-van-hoa-taiyo-group\/\" \/>\n<meta property=\"og:site_name\" content=\"Gi\u00e0n gi\u00e1o x\u00e2y d\u1ef1ng G18\" \/>\n<meta property=\"article:modified_time\" content=\"2024-05-21T04:12:17+00:00\" \/>\n<meta property=\"og:image\" content=\"https:\/\/g18jsc.com.vn\/wp-content\/uploads\/2021\/09\/Untitled1.png\" \/>\n\t<meta property=\"og:image:width\" content=\"371\" \/>\n\t<meta property=\"og:image:height\" content=\"298\" \/>\n\t<meta property=\"og:image:type\" content=\"image\/png\" \/>\n<meta name=\"twitter:card\" content=\"summary_large_image\" \/>\n<meta name=\"twitter:label1\" content=\"\u01af\u1edbc t\u00ednh th\u1eddi gian \u0111\u1ecdc\" \/>\n\t<meta name=\"twitter:data1\" content=\"7 ph\u00fat\" \/>\n<script type=\"application\/ld+json\" class=\"yoast-schema-graph\">{\"@context\":\"https:\/\/schema.org\",\"@graph\":[{\"@type\":\"WebPage\",\"@id\":\"https:\/\/g18jsc.com.vn\/vn\/10-net-van-hoa-taiyo-group\/\",\"url\":\"https:\/\/g18jsc.com.vn\/vn\/10-net-van-hoa-taiyo-group\/\",\"name\":\"10 N\u00e9t v\u0103n h\u00f3a | Gi\u00e0n gi\u00e1o x\u00e2y d\u1ef1ng G18\",\"isPartOf\":{\"@id\":\"https:\/\/g18jsc.com.vn\/vn\/#website\"},\"datePublished\":\"2021-11-05T01:28:02+00:00\",\"dateModified\":\"2024-05-21T04:12:17+00:00\",\"description\":\"1. L\u00e0m ch\u1ee7\/ Ownership : Ch\u00fang t\u00f4i ch\u1ecbu tr\u00e1ch nhi\u1ec7m cho m\u1ecdi h\u00e0nh \u0111\u1ed9ng c\u0169ng nh\u01b0 nh\u1eefng k\u1ebft qu\u1ea3 do m\u00ecnh t\u1ea1o ra v\u00e0 bi\u1ebft r\u1eb1ng \u0111\u1ec3 thay \u0111\u1ed5i m\u1ecdi vi\u1ec7c th\u00ec b\u1ea3n th\u00e2n\",\"inLanguage\":\"vi\",\"potentialAction\":[{\"@type\":\"ReadAction\",\"target\":[\"https:\/\/g18jsc.com.vn\/vn\/10-net-van-hoa-taiyo-group\/\"]}]},{\"@type\":\"WebSite\",\"@id\":\"https:\/\/g18jsc.com.vn\/vn\/#website\",\"url\":\"https:\/\/g18jsc.com.vn\/vn\/\",\"name\":\"Gi\u00e0n gi\u00e1o x\u00e2y d\u1ef1ng G18\",\"description\":\"C\u00f4ng ty cung c\u1ea5p gi\u00e0n gi\u00e1o uy t\u00edn\",\"publisher\":{\"@id\":\"https:\/\/g18jsc.com.vn\/vn\/#organization\"},\"potentialAction\":[{\"@type\":\"SearchAction\",\"target\":{\"@type\":\"EntryPoint\",\"urlTemplate\":\"https:\/\/g18jsc.com.vn\/vn\/?s={search_term_string}\"},\"query-input\":{\"@type\":\"PropertyValueSpecification\",\"valueRequired\":true,\"valueName\":\"search_term_string\"}}],\"inLanguage\":\"vi\"},{\"@type\":\"Organization\",\"@id\":\"https:\/\/g18jsc.com.vn\/vn\/#organization\",\"name\":\"G18\",\"url\":\"https:\/\/g18jsc.com.vn\/vn\/\",\"logo\":{\"@type\":\"ImageObject\",\"inLanguage\":\"vi\",\"@id\":\"https:\/\/g18jsc.com.vn\/vn\/#\/schema\/logo\/image\/\",\"url\":\"https:\/\/g18jsc.com.vn\/wp-content\/uploads\/2021\/09\/bg_icon-removebg-preview.png\",\"contentUrl\":\"https:\/\/g18jsc.com.vn\/wp-content\/uploads\/2021\/09\/bg_icon-removebg-preview.png\",\"width\":109,\"height\":82,\"caption\":\"G18\"},\"image\":{\"@id\":\"https:\/\/g18jsc.com.vn\/vn\/#\/schema\/logo\/image\/\"}}]}<\/script>\n<!-- \/ Yoast SEO Premium plugin. -->","yoast_head_json":{"title":"10 N\u00e9t v\u0103n h\u00f3a | Gi\u00e0n gi\u00e1o x\u00e2y d\u1ef1ng G18","description":"1. L\u00e0m ch\u1ee7\/ Ownership : Ch\u00fang t\u00f4i ch\u1ecbu tr\u00e1ch nhi\u1ec7m cho m\u1ecdi h\u00e0nh \u0111\u1ed9ng c\u0169ng nh\u01b0 nh\u1eefng k\u1ebft qu\u1ea3 do m\u00ecnh t\u1ea1o ra v\u00e0 bi\u1ebft r\u1eb1ng \u0111\u1ec3 thay \u0111\u1ed5i m\u1ecdi vi\u1ec7c th\u00ec b\u1ea3n th\u00e2n","robots":{"index":"index","follow":"follow","max-snippet":"max-snippet:-1","max-image-preview":"max-image-preview:large","max-video-preview":"max-video-preview:-1"},"canonical":"https:\/\/g18jsc.com.vn\/vn\/10-net-van-hoa-taiyo-group\/","og_locale":"vi_VN","og_type":"article","og_title":"10 N\u00e9t v\u0103n h\u00f3a","og_description":"1. L\u00e0m ch\u1ee7\/ Ownership : Ch\u00fang t\u00f4i ch\u1ecbu tr\u00e1ch nhi\u1ec7m cho m\u1ecdi h\u00e0nh \u0111\u1ed9ng c\u0169ng nh\u01b0 nh\u1eefng k\u1ebft qu\u1ea3 do m\u00ecnh t\u1ea1o ra v\u00e0 bi\u1ebft r\u1eb1ng \u0111\u1ec3 thay \u0111\u1ed5i m\u1ecdi vi\u1ec7c th\u00ec b\u1ea3n th\u00e2n","og_url":"https:\/\/g18jsc.com.vn\/vn\/10-net-van-hoa-taiyo-group\/","og_site_name":"Gi\u00e0n gi\u00e1o x\u00e2y d\u1ef1ng G18","article_modified_time":"2024-05-21T04:12:17+00:00","og_image":[{"width":371,"height":298,"url":"https:\/\/g18jsc.com.vn\/wp-content\/uploads\/2021\/09\/Untitled1.png","type":"image\/png"}],"twitter_card":"summary_large_image","twitter_misc":{"\u01af\u1edbc t\u00ednh th\u1eddi gian \u0111\u1ecdc":"7 ph\u00fat"},"schema":{"@context":"https:\/\/schema.org","@graph":[{"@type":"WebPage","@id":"https:\/\/g18jsc.com.vn\/vn\/10-net-van-hoa-taiyo-group\/","url":"https:\/\/g18jsc.com.vn\/vn\/10-net-van-hoa-taiyo-group\/","name":"10 N\u00e9t v\u0103n h\u00f3a | Gi\u00e0n gi\u00e1o x\u00e2y d\u1ef1ng G18","isPartOf":{"@id":"https:\/\/g18jsc.com.vn\/vn\/#website"},"datePublished":"2021-11-05T01:28:02+00:00","dateModified":"2024-05-21T04:12:17+00:00","description":"1. L\u00e0m ch\u1ee7\/ Ownership : Ch\u00fang t\u00f4i ch\u1ecbu tr\u00e1ch nhi\u1ec7m cho m\u1ecdi h\u00e0nh \u0111\u1ed9ng c\u0169ng nh\u01b0 nh\u1eefng k\u1ebft qu\u1ea3 do m\u00ecnh t\u1ea1o ra v\u00e0 bi\u1ebft r\u1eb1ng \u0111\u1ec3 thay \u0111\u1ed5i m\u1ecdi vi\u1ec7c th\u00ec b\u1ea3n th\u00e2n","inLanguage":"vi","potentialAction":[{"@type":"ReadAction","target":["https:\/\/g18jsc.com.vn\/vn\/10-net-van-hoa-taiyo-group\/"]}]},{"@type":"WebSite","@id":"https:\/\/g18jsc.com.vn\/vn\/#website","url":"https:\/\/g18jsc.com.vn\/vn\/","name":"Gi\u00e0n gi\u00e1o x\u00e2y d\u1ef1ng G18","description":"C\u00f4ng ty cung c\u1ea5p gi\u00e0n gi\u00e1o uy t\u00edn","publisher":{"@id":"https:\/\/g18jsc.com.vn\/vn\/#organization"},"potentialAction":[{"@type":"SearchAction","target":{"@type":"EntryPoint","urlTemplate":"https:\/\/g18jsc.com.vn\/vn\/?s={search_term_string}"},"query-input":{"@type":"PropertyValueSpecification","valueRequired":true,"valueName":"search_term_string"}}],"inLanguage":"vi"},{"@type":"Organization","@id":"https:\/\/g18jsc.com.vn\/vn\/#organization","name":"G18","url":"https:\/\/g18jsc.com.vn\/vn\/","logo":{"@type":"ImageObject","inLanguage":"vi","@id":"https:\/\/g18jsc.com.vn\/vn\/#\/schema\/logo\/image\/","url":"https:\/\/g18jsc.com.vn\/wp-content\/uploads\/2021\/09\/bg_icon-removebg-preview.png","contentUrl":"https:\/\/g18jsc.com.vn\/wp-content\/uploads\/2021\/09\/bg_icon-removebg-preview.png","width":109,"height":82,"caption":"G18"},"image":{"@id":"https:\/\/g18jsc.com.vn\/vn\/#\/schema\/logo\/image\/"}}]}},"_links":{"self":[{"href":"https:\/\/g18jsc.com.vn\/vn\/wp-json\/wp\/v2\/pages\/8426","targetHints":{"allow":["GET"]}}],"collection":[{"href":"https:\/\/g18jsc.com.vn\/vn\/wp-json\/wp\/v2\/pages"}],"about":[{"href":"https:\/\/g18jsc.com.vn\/vn\/wp-json\/wp\/v2\/types\/page"}],"author":[{"embeddable":true,"href":"https:\/\/g18jsc.com.vn\/vn\/wp-json\/wp\/v2\/users\/1"}],"replies":[{"embeddable":true,"href":"https:\/\/g18jsc.com.vn\/vn\/wp-json\/wp\/v2\/comments?post=8426"}],"version-history":[{"count":25,"href":"https:\/\/g18jsc.com.vn\/vn\/wp-json\/wp\/v2\/pages\/8426\/revisions"}],"predecessor-version":[{"id":9738,"href":"https:\/\/g18jsc.com.vn\/vn\/wp-json\/wp\/v2\/pages\/8426\/revisions\/9738"}],"wp:attachment":[{"href":"https:\/\/g18jsc.com.vn\/vn\/wp-json\/wp\/v2\/media?parent=8426"}],"curies":[{"name":"wp","href":"https:\/\/api.w.org\/{rel}","templated":true}]}}