{"id":8442,"date":"2021-11-05T08:46:53","date_gmt":"2021-11-05T01:46:53","guid":{"rendered":"http:\/\/g18jsc.com.vn\/vn\/?page_id=8442"},"modified":"2022-03-18T13:20:44","modified_gmt":"2022-03-18T06:20:44","slug":"tam-nhin-su-menh","status":"publish","type":"page","link":"https:\/\/g18jsc.com.vn\/vn\/tam-nhin-su-menh\/","title":{"rendered":"T\u1ea7m Nh\u00ecn &#038; S\u1ee9 m\u1ec7nh"},"content":{"rendered":"<p><strong>T\u1ea7m nh\u00ecn:<\/strong> L\u00c0 DOANH NGHI\u1ec6P CHO THU\u00ca THI\u1ebeT B\u1eca X\u00c2Y D\u1ef0NG S\u1ed0 1 VI\u1ec6T NAM<\/p>\n<p><strong>S\u1ee9 m\u1ec7nh:<\/strong> MANG \u0110\u1ebeN S\u1ef0 TIN C\u1eacY V\u00c0 GI\u1ea2I PH\u00c1P T\u1ed0I \u01afU<\/p>\n<p><img fetchpriority=\"high\" decoding=\"async\" class=\"alignnone size-medium wp-image-8713\" src=\"https:\/\/g18jsc.com.vn\/wp-content\/uploads\/2021\/12\/LOgo-g18-co-slogan-1-300x278.jpg\" alt=\"\" width=\"300\" height=\"278\" srcset=\"https:\/\/g18jsc.com.vn\/wp-content\/uploads\/2021\/12\/LOgo-g18-co-slogan-1-300x278.jpg 300w, https:\/\/g18jsc.com.vn\/wp-content\/uploads\/2021\/12\/LOgo-g18-co-slogan-1.jpg 429w\" sizes=\"(max-width: 300px) 100vw, 300px\" \/><\/p>\n","protected":false},"excerpt":{"rendered":"<p>T\u1ea7m nh\u00ecn: L\u00c0 DOANH NGHI\u1ec6P CHO THU\u00ca THI\u1ebeT B\u1eca X\u00c2Y D\u1ef0NG S\u1ed0 1 VI\u1ec6T NAM S\u1ee9 m\u1ec7nh: MANG \u0110\u1ebeN S\u1ef0 TIN C\u1eacY V\u00c0 GI\u1ea2I PH\u00c1P T\u1ed0I \u01afU<\/p>\n","protected":false},"author":1,"featured_media":0,"parent":0,"menu_order":0,"comment_status":"closed","ping_status":"closed","template":"","meta":{"footnotes":""},"class_list":["post-8442","page","type-page","status-publish","hentry"],"yoast_head":"<!-- This site is optimized with the Yoast SEO Premium plugin v23.8 (Yoast SEO v23.9) - https:\/\/yoast.com\/wordpress\/plugins\/seo\/ -->\n<title>T\u1ea7m Nh\u00ecn &amp; S\u1ee9 m\u1ec7nh | Gi\u00e0n gi\u00e1o x\u00e2y d\u1ef1ng G18<\/title>\n<meta name=\"description\" content=\"T\u1ea7m nh\u00ecn: L\u00c0 DOANH NGHI\u1ec6P CHO THU\u00ca THI\u1ebeT B\u1eca X\u00c2Y D\u1ef0NG S\u1ed0 1 VI\u1ec6T NAM  S\u1ee9 m\u1ec7nh: MANG \u0110\u1ebeN S\u1ef0 TIN C\u1eacY V\u00c0 GI\u1ea2I PH\u00c1P T\u1ed0I \u01afU\" \/>\n<meta name=\"robots\" content=\"index, follow, max-snippet:-1, max-image-preview:large, max-video-preview:-1\" \/>\n<link rel=\"canonical\" href=\"https:\/\/g18jsc.com.vn\/vn\/tam-nhin-su-menh\/\" \/>\n<meta property=\"og:locale\" content=\"vi_VN\" \/>\n<meta property=\"og:type\" content=\"article\" \/>\n<meta property=\"og:title\" content=\"T\u1ea7m Nh\u00ecn &amp; S\u1ee9 m\u1ec7nh\" \/>\n<meta property=\"og:description\" content=\"T\u1ea7m nh\u00ecn: L\u00c0 DOANH NGHI\u1ec6P CHO THU\u00ca THI\u1ebeT B\u1eca X\u00c2Y D\u1ef0NG S\u1ed0 1 VI\u1ec6T NAM  S\u1ee9 m\u1ec7nh: MANG \u0110\u1ebeN S\u1ef0 TIN C\u1eacY V\u00c0 GI\u1ea2I PH\u00c1P T\u1ed0I \u01afU\" \/>\n<meta property=\"og:url\" content=\"https:\/\/g18jsc.com.vn\/vn\/tam-nhin-su-menh\/\" \/>\n<meta property=\"og:site_name\" content=\"Gi\u00e0n gi\u00e1o x\u00e2y d\u1ef1ng G18\" \/>\n<meta property=\"article:modified_time\" content=\"2022-03-18T06:20:44+00:00\" \/>\n<meta property=\"og:image\" content=\"https:\/\/g18jsc.com.vn\/wp-content\/uploads\/2021\/12\/LOgo-g18-co-slogan-1-300x278.jpg\" \/>\n<meta name=\"twitter:card\" content=\"summary_large_image\" \/>\n<script type=\"application\/ld+json\" class=\"yoast-schema-graph\">{\"@context\":\"https:\/\/schema.org\",\"@graph\":[{\"@type\":\"WebPage\",\"@id\":\"https:\/\/g18jsc.com.vn\/vn\/tam-nhin-su-menh\/\",\"url\":\"https:\/\/g18jsc.com.vn\/vn\/tam-nhin-su-menh\/\",\"name\":\"T\u1ea7m Nh\u00ecn & S\u1ee9 m\u1ec7nh | Gi\u00e0n gi\u00e1o x\u00e2y d\u1ef1ng G18\",\"isPartOf\":{\"@id\":\"https:\/\/g18jsc.com.vn\/vn\/#website\"},\"primaryImageOfPage\":{\"@id\":\"https:\/\/g18jsc.com.vn\/vn\/tam-nhin-su-menh\/#primaryimage\"},\"image\":{\"@id\":\"https:\/\/g18jsc.com.vn\/vn\/tam-nhin-su-menh\/#primaryimage\"},\"thumbnailUrl\":\"https:\/\/g18jsc.com.vn\/wp-content\/uploads\/2021\/12\/LOgo-g18-co-slogan-1-300x278.jpg\",\"datePublished\":\"2021-11-05T01:46:53+00:00\",\"dateModified\":\"2022-03-18T06:20:44+00:00\",\"description\":\"T\u1ea7m nh\u00ecn: L\u00c0 DOANH NGHI\u1ec6P CHO THU\u00ca THI\u1ebeT B\u1eca X\u00c2Y D\u1ef0NG S\u1ed0 1 VI\u1ec6T NAM S\u1ee9 m\u1ec7nh: MANG \u0110\u1ebeN S\u1ef0 TIN C\u1eacY V\u00c0 GI\u1ea2I PH\u00c1P T\u1ed0I \u01afU\",\"inLanguage\":\"vi\",\"potentialAction\":[{\"@type\":\"ReadAction\",\"target\":[\"https:\/\/g18jsc.com.vn\/vn\/tam-nhin-su-menh\/\"]}]},{\"@type\":\"ImageObject\",\"inLanguage\":\"vi\",\"@id\":\"https:\/\/g18jsc.com.vn\/vn\/tam-nhin-su-menh\/#primaryimage\",\"url\":\"https:\/\/g18jsc.com.vn\/wp-content\/uploads\/2021\/12\/LOgo-g18-co-slogan-1-300x278.jpg\",\"contentUrl\":\"https:\/\/g18jsc.com.vn\/wp-content\/uploads\/2021\/12\/LOgo-g18-co-slogan-1-300x278.jpg\"},{\"@type\":\"WebSite\",\"@id\":\"https:\/\/g18jsc.com.vn\/vn\/#website\",\"url\":\"https:\/\/g18jsc.com.vn\/vn\/\",\"name\":\"Gi\u00e0n gi\u00e1o x\u00e2y d\u1ef1ng G18\",\"description\":\"C\u00f4ng ty cung c\u1ea5p gi\u00e0n gi\u00e1o uy t\u00edn\",\"publisher\":{\"@id\":\"https:\/\/g18jsc.com.vn\/vn\/#organization\"},\"potentialAction\":[{\"@type\":\"SearchAction\",\"target\":{\"@type\":\"EntryPoint\",\"urlTemplate\":\"https:\/\/g18jsc.com.vn\/vn\/?s={search_term_string}\"},\"query-input\":{\"@type\":\"PropertyValueSpecification\",\"valueRequired\":true,\"valueName\":\"search_term_string\"}}],\"inLanguage\":\"vi\"},{\"@type\":\"Organization\",\"@id\":\"https:\/\/g18jsc.com.vn\/vn\/#organization\",\"name\":\"G18\",\"url\":\"https:\/\/g18jsc.com.vn\/vn\/\",\"logo\":{\"@type\":\"ImageObject\",\"inLanguage\":\"vi\",\"@id\":\"https:\/\/g18jsc.com.vn\/vn\/#\/schema\/logo\/image\/\",\"url\":\"https:\/\/g18jsc.com.vn\/wp-content\/uploads\/2021\/09\/bg_icon-removebg-preview.png\",\"contentUrl\":\"https:\/\/g18jsc.com.vn\/wp-content\/uploads\/2021\/09\/bg_icon-removebg-preview.png\",\"width\":109,\"height\":82,\"caption\":\"G18\"},\"image\":{\"@id\":\"https:\/\/g18jsc.com.vn\/vn\/#\/schema\/logo\/image\/\"}}]}<\/script>\n<!-- \/ Yoast SEO Premium plugin. -->","yoast_head_json":{"title":"T\u1ea7m Nh\u00ecn & S\u1ee9 m\u1ec7nh | Gi\u00e0n gi\u00e1o x\u00e2y d\u1ef1ng G18","description":"T\u1ea7m nh\u00ecn: L\u00c0 DOANH NGHI\u1ec6P CHO THU\u00ca THI\u1ebeT B\u1eca X\u00c2Y D\u1ef0NG S\u1ed0 1 VI\u1ec6T NAM  S\u1ee9 m\u1ec7nh: MANG \u0110\u1ebeN S\u1ef0 TIN C\u1eacY V\u00c0 GI\u1ea2I PH\u00c1P T\u1ed0I \u01afU","robots":{"index":"index","follow":"follow","max-snippet":"max-snippet:-1","max-image-preview":"max-image-preview:large","max-video-preview":"max-video-preview:-1"},"canonical":"https:\/\/g18jsc.com.vn\/vn\/tam-nhin-su-menh\/","og_locale":"vi_VN","og_type":"article","og_title":"T\u1ea7m Nh\u00ecn & S\u1ee9 m\u1ec7nh","og_description":"T\u1ea7m nh\u00ecn: L\u00c0 DOANH NGHI\u1ec6P CHO THU\u00ca THI\u1ebeT B\u1eca X\u00c2Y D\u1ef0NG S\u1ed0 1 VI\u1ec6T NAM  S\u1ee9 m\u1ec7nh: MANG \u0110\u1ebeN S\u1ef0 TIN C\u1eacY V\u00c0 GI\u1ea2I PH\u00c1P T\u1ed0I \u01afU","og_url":"https:\/\/g18jsc.com.vn\/vn\/tam-nhin-su-menh\/","og_site_name":"Gi\u00e0n gi\u00e1o x\u00e2y d\u1ef1ng G18","article_modified_time":"2022-03-18T06:20:44+00:00","og_image":[{"url":"https:\/\/g18jsc.com.vn\/wp-content\/uploads\/2021\/12\/LOgo-g18-co-slogan-1-300x278.jpg"}],"twitter_card":"summary_large_image","schema":{"@context":"https:\/\/schema.org","@graph":[{"@type":"WebPage","@id":"https:\/\/g18jsc.com.vn\/vn\/tam-nhin-su-menh\/","url":"https:\/\/g18jsc.com.vn\/vn\/tam-nhin-su-menh\/","name":"T\u1ea7m Nh\u00ecn & S\u1ee9 m\u1ec7nh | Gi\u00e0n gi\u00e1o x\u00e2y d\u1ef1ng G18","isPartOf":{"@id":"https:\/\/g18jsc.com.vn\/vn\/#website"},"primaryImageOfPage":{"@id":"https:\/\/g18jsc.com.vn\/vn\/tam-nhin-su-menh\/#primaryimage"},"image":{"@id":"https:\/\/g18jsc.com.vn\/vn\/tam-nhin-su-menh\/#primaryimage"},"thumbnailUrl":"https:\/\/g18jsc.com.vn\/wp-content\/uploads\/2021\/12\/LOgo-g18-co-slogan-1-300x278.jpg","datePublished":"2021-11-05T01:46:53+00:00","dateModified":"2022-03-18T06:20:44+00:00","description":"T\u1ea7m nh\u00ecn: L\u00c0 DOANH NGHI\u1ec6P CHO THU\u00ca THI\u1ebeT B\u1eca X\u00c2Y D\u1ef0NG S\u1ed0 1 VI\u1ec6T NAM S\u1ee9 m\u1ec7nh: MANG \u0110\u1ebeN S\u1ef0 TIN C\u1eacY V\u00c0 GI\u1ea2I PH\u00c1P T\u1ed0I \u01afU","inLanguage":"vi","potentialAction":[{"@type":"ReadAction","target":["https:\/\/g18jsc.com.vn\/vn\/tam-nhin-su-menh\/"]}]},{"@type":"ImageObject","inLanguage":"vi","@id":"https:\/\/g18jsc.com.vn\/vn\/tam-nhin-su-menh\/#primaryimage","url":"https:\/\/g18jsc.com.vn\/wp-content\/uploads\/2021\/12\/LOgo-g18-co-slogan-1-300x278.jpg","contentUrl":"https:\/\/g18jsc.com.vn\/wp-content\/uploads\/2021\/12\/LOgo-g18-co-slogan-1-300x278.jpg"},{"@type":"WebSite","@id":"https:\/\/g18jsc.com.vn\/vn\/#website","url":"https:\/\/g18jsc.com.vn\/vn\/","name":"Gi\u00e0n gi\u00e1o x\u00e2y d\u1ef1ng G18","description":"C\u00f4ng ty cung c\u1ea5p gi\u00e0n gi\u00e1o uy t\u00edn","publisher":{"@id":"https:\/\/g18jsc.com.vn\/vn\/#organization"},"potentialAction":[{"@type":"SearchAction","target":{"@type":"EntryPoint","urlTemplate":"https:\/\/g18jsc.com.vn\/vn\/?s={search_term_string}"},"query-input":{"@type":"PropertyValueSpecification","valueRequired":true,"valueName":"search_term_string"}}],"inLanguage":"vi"},{"@type":"Organization","@id":"https:\/\/g18jsc.com.vn\/vn\/#organization","name":"G18","url":"https:\/\/g18jsc.com.vn\/vn\/","logo":{"@type":"ImageObject","inLanguage":"vi","@id":"https:\/\/g18jsc.com.vn\/vn\/#\/schema\/logo\/image\/","url":"https:\/\/g18jsc.com.vn\/wp-content\/uploads\/2021\/09\/bg_icon-removebg-preview.png","contentUrl":"https:\/\/g18jsc.com.vn\/wp-content\/uploads\/2021\/09\/bg_icon-removebg-preview.png","width":109,"height":82,"caption":"G18"},"image":{"@id":"https:\/\/g18jsc.com.vn\/vn\/#\/schema\/logo\/image\/"}}]}},"_links":{"self":[{"href":"https:\/\/g18jsc.com.vn\/vn\/wp-json\/wp\/v2\/pages\/8442","targetHints":{"allow":["GET"]}}],"collection":[{"href":"https:\/\/g18jsc.com.vn\/vn\/wp-json\/wp\/v2\/pages"}],"about":[{"href":"https:\/\/g18jsc.com.vn\/vn\/wp-json\/wp\/v2\/types\/page"}],"author":[{"embeddable":true,"href":"https:\/\/g18jsc.com.vn\/vn\/wp-json\/wp\/v2\/users\/1"}],"replies":[{"embeddable":true,"href":"https:\/\/g18jsc.com.vn\/vn\/wp-json\/wp\/v2\/comments?post=8442"}],"version-history":[{"count":4,"href":"https:\/\/g18jsc.com.vn\/vn\/wp-json\/wp\/v2\/pages\/8442\/revisions"}],"predecessor-version":[{"id":8974,"href":"https:\/\/g18jsc.com.vn\/vn\/wp-json\/wp\/v2\/pages\/8442\/revisions\/8974"}],"wp:attachment":[{"href":"https:\/\/g18jsc.com.vn\/vn\/wp-json\/wp\/v2\/media?parent=8442"}],"curies":[{"name":"wp","href":"https:\/\/api.w.org\/{rel}","templated":true}]}}